{"id":958,"date":"2024-05-15T20:40:07","date_gmt":"2024-05-15T20:40:07","guid":{"rendered":"https:\/\/lesececi.myhostpoint.ch\/kundeninformationen-finsa\/"},"modified":"2026-01-29T15:25:24","modified_gmt":"2026-01-29T15:25:24","slug":"kundeninformationen-finsa","status":"publish","type":"page","link":"https:\/\/lionspaw.codexo.ch\/de\/kundeninformationen-finsa\/","title":{"rendered":"Kundeninformationen &#8211; FINSA"},"content":{"rendered":"\t\t<div data-elementor-type=\"wp-post\" data-elementor-id=\"958\" class=\"elementor elementor-958 elementor-441\" data-elementor-post-type=\"page\">\n\t\t\t\t<div class=\"elementor-element elementor-element-f15dc58 e-con-full e-flex e-con e-parent\" data-id=\"f15dc58\" data-element_type=\"container\" data-e-type=\"container\">\n\t\t<div class=\"elementor-element elementor-element-fc60a22 e-flex e-con-boxed e-con e-child\" data-id=\"fc60a22\" data-element_type=\"container\" data-e-type=\"container\">\n\t\t\t\t\t<div class=\"e-con-inner\">\n\t\t\t\t<div class=\"elementor-element elementor-element-28e6a2b elementor-widget elementor-widget-heading\" data-id=\"28e6a2b\" data-element_type=\"widget\" data-e-type=\"widget\" data-widget_type=\"heading.default\">\n\t\t\t\t<div class=\"elementor-widget-container\">\n\t\t\t\t\t<h1 class=\"elementor-heading-title elementor-size-default\">Kundeninformationen - FINSA<\/h1>\t\t\t\t<\/div>\n\t\t\t\t<\/div>\n\t\t\t\t<div class=\"elementor-element elementor-element-e40e66b elementor-widget__width-initial elementor-widget elementor-widget-text-editor\" data-id=\"e40e66b\" data-element_type=\"widget\" data-e-type=\"widget\" data-widget_type=\"text-editor.default\">\n\t\t\t\t<div class=\"elementor-widget-container\">\n\t\t\t\t\t\t\t\t\t<h2><strong>Bundesgesetz \u00fcber Finanzdienstleistungen (FIDLEG)<\/strong><\/h2><p>Das Bundesgesetz \u00fcber Finanzdienstleistungen (FIDLEG) trat am 1. Januar 2020 in Kraft. Sie zielt darauf ab, vergleichbare Bedingungen f\u00fcr Finanzdienstleister zu schaffen und den Schutz ihrer Kunden zu verbessern, indem sie die Anforderungen an eine gewissenhafte, sorgf\u00e4ltige und transparente Erbringung von Dienstleistungen definiert.<\/p><p>In \u00dcbereinstimmung mit den gesetzlichen Bestimmungen von Art. 8 ff. des Finanzdienstleistungsgesetzes m\u00f6chte Lion&#8217;s Paw Ltd (im Folgenden &#8222;Lion&#8217;s Paw&#8220; genannt) Ihnen dieses Informationsblatt zur Verf\u00fcgung stellen, das auch auf unserer Website verf\u00fcgbar ist, um die wichtigsten eingef\u00fchrten Verhaltens- und Organisationsma\u00dfnahmen zu erl\u00e4utern.<\/p><h2>A. UNTERNEHMENSINFORMATIONEN<\/h2><p>Lion&#8217;s Paw ist ein globales Verm\u00f6gensberatungsunternehmen, das sich insbesondere auf das Management von finanziellen Risiken und Kosten im Zusammenhang mit dem Nachlass seiner Kunden konzentriert.<\/p><p>Lion\u2019s Paw bietet einen zentralen Ansprechpartner f\u00fcr Verm\u00f6gensberatung, Anlageverwaltung, konsolidierte Finanzberichterstattung und Private Equity und legt dabei gro\u00dfen Wert auf Partnerschaft und Fairness, kombiniert mit Know-how und Leidenschaft.<\/p><p>Kontaktinformationen:<\/p><ul><li>Lion&#8217;s Paw Ltd., Rennweg 57, 8001 Z\u00fcrich, Schweiz. Telefon: +41 44 227 10 00,<br>E-Mail: <a href=\"mailto:global@lionspaw.ch\">global@lionspaw.ch<\/a>, Webseite: <a href=\"https:\/\/lionspaw.codexo.ch\/de\/\">www.lionspaw.ch<\/a><\/li><\/ul><h3><b>Aufsichtsbeh\u00f6rde und Aufsichtsorganisation<\/b><\/h3><p>Lion\u2019s Paw ist ein von der Eidgen\u00f6ssischen Finanzmarktaufsicht FINMA zugelassener Verm\u00f6gensverwalter und unterliegt der Aufsicht durch die Schweizer Aufsichtsorganisation FINcontrol Suisse Ltd.<\/p><p>Kontaktinformationen:<\/p><ul><li>Schweizerische Finanzmarktaufsichtsbeh\u00f6rde FINMA, Laupenstrasse 27, 3003 Bern, Schweiz. Telefon: +41 31 327 91 00, E-Mail: <a href=\"mailto:info@finma.ch\">info@finma.ch<\/a>, Website: <a href=\"http:\/\/www.finma.ch\/\" target=\"_blank\" rel=\"noopener\">www.finma.ch<\/a><\/li><\/ul><ul><li>OSFINcontrol AG, General-Guisan-Strasse 6, 6300 Zug, Schweiz. Telefon: +41 41 767 36 00, E-Mail: <a href=\"mailto:info@fincontrol.ch\">info@osfincontrol.ch<\/a>, Webseite: <a href=\"http:\/\/www.osfincontrol.ch\/\" target=\"_blank\" rel=\"noopener\">www.osfincontrol.ch<\/a> <\/li><\/ul><h3><b>Ombudsmann<\/b><\/h3><p>Lion\u2019s Paw ist der \u201aOmbudsstelle Finanzdienstleister (OFS)\u2018 angeschlossen, die Beschwerden untersuchen und bei Konflikten zwischen dem Kunden und Lion\u2019s Paw eine faire Einigung vermitteln kann.<\/p><p>Kontaktinformationen:<\/p><ul><li>Ombudsstelle Finanzen Schweiz (OFS), 16 Boulevard des Tranch\u00e9es, 1206 Genf, Schweiz. E-Mail: <a href=\"mailto:contact@ombudfinance.ch\">contact@ombudfinance.ch,<\/a> Telefon: <a href=\"tel:+41228080451\">+41 22 808 04 51<\/a>, Website: <a href=\"https:\/\/ombudfinance.ch\/\" target=\"_blank\" rel=\"noopener\">https:\/\/ombudfinance.ch<\/a><\/li><\/ul><h2>B. ANGEBOT AN FINANZDIENSTLEISTUNGEN<\/h2><p>Lion&#8217;s Paw bietet seinen Kunden Verm\u00f6gensverwaltungs- und Beratungsdienstleistungen an.<\/p><h3><b>Verm\u00f6gensverwaltungsmandat<\/b><\/h3><p>Konzentriert sich auf die Verwaltung von Verm\u00f6genswerten gem\u00e4ss einer vordefinierten Strategie und unter Ber\u00fccksichtigung des Risikoprofils des Kunden, der Referenzw\u00e4hrung und m\u00f6glicher vom Kunden vorgegebener Einschr\u00e4nkungen. Lion&#8217;s Paw hat sich zum Ziel gesetzt, die Bed\u00fcrfnisse der Kunden zu erf\u00fcllen bzw. ma\u00dfgeschneiderte Anlagel\u00f6sungen zu entwickeln, die Finanzinstrumente effizient einsetzen und die Portfolios kontinuierlich \u00fcberwachen, um die risikobereinigte Performance zu verbessern. Die Anpassung kann sich auf alle Arten von Kundenprofilen beziehen, von den konservativsten bis hin zu den anspruchsvollsten und dynamischsten.<\/p><h3><b>Beratungsvertrag<\/b><\/h3><p>Die Finanzberatung richtet sich an Kunden, die ihre eigene Entscheidungsbefugnis bei Investitionen behalten m\u00f6chten, sich aber auf einen Experten verlassen wollen, mit dem sie eine koh\u00e4rente und effiziente Anlagestrategie umsetzen k\u00f6nnen. Der Kunde wird dabei unterst\u00fctzt, die Wahl zu treffen, die seiner pers\u00f6nlichen und finanziellen Situation, seiner Erfahrung und seiner Risikobereitschaft am besten entspricht.<\/p><h2><b>C. RISIKEN &amp; KOSTEN<\/b><\/h2><h3><b>Risiken, die mit dem Handel von Finanzinstrumenten verbunden sind<\/b><\/h3><p>Die Anlageberatungs- und Verm\u00f6gensverwaltungsdienstleistungen sind mit finanziellen Risiken verbunden. Lion&#8217;s Paw stellt allen Kunden detaillierte Informationen zur Verf\u00fcgung. Eine Brosch\u00fcre &#8222;<a href=\"https:\/\/www.swissbanking.ch\/_Resources\/Persistent\/6\/1\/3\/c\/613cf17d17e7628788b2135114e5d399e822778d\/SBA_Risks_Involved_in_Trading_Financial_Instruments_2019_EN.pdf\" target=\"_blank\" rel=\"noopener\">Risiken beim Handel mit Finanzinstrumenten<\/a>&#8220; wird allen Kunden vor der Ausf\u00fchrung des Vertrags zur Verf\u00fcgung gestellt.<\/p><h3><b>Risiken im Zusammenhang mit den angebotenen Wertpapierdienstleistungen<\/b><\/h3><p>Eine Beschreibung der verschiedenen Risiken, die sich aus dem Anlageportfolio ergeben k\u00f6nnen, finden die Kunden in den jeweiligen Anlageberatungs- oder Verm\u00f6gensverwaltungsvertr\u00e4gen.<\/p><p>Kunden k\u00f6nnen Lion&#8217;s Paw jederzeit kontaktieren, wenn sie weitere Fragen haben.<\/p><h3><b>Informationen zu den Kosten<\/b><\/h3><p>Die von Lion&#8217;s Paw angebotenen Dienstleistungen sind geb\u00fchrenpflichtig. Diese Geb\u00fchren k\u00f6nnen auf der Grundlage des verwalteten oder beratenen Verm\u00f6gens sowie auf der Grundlage der erzielten Performance oder als j\u00e4hrliche Pauschalgeb\u00fchren berechnet werden. Dar\u00fcber hinaus sind m\u00f6gliche Verg\u00fctungen f\u00fcr Dienstleistungen, die Lion&#8217;s Paw von Dritten erh\u00e4lt, im Allgemeinen Teil der Verg\u00fctung von Lion&#8217;s Paw durch seine Kunden. Die Geb\u00fchren werden in der Regel viertelj\u00e4hrlich anteilig dem Konto des Kunden belastet.<\/p><p>N\u00e4here Informationen entnehmen Sie bitte den Anlageberatungs- oder Verm\u00f6gensverwaltungsvertr\u00e4gen und dem Preisverzeichnis.<\/p><h2><b>D. KUNDENSEGMENTIERUNG<\/b><\/h2><p>Lion&#8217;s Paw ist als Finanzdienstleister verpflichtet, seine Kunden einer gesetzlich festgelegten Kategorie zuzuordnen. Der Art. 4 FinSA bezieht sich auf die Segmente der Privatkunden, der professionellen Kunden und der institutionellen Kunden.<\/p><p>Gem\u00e4\u00df Art. 5 Absatz. 1 und 2 FinSA, kann der Kunde eine andere Klassifizierung w\u00e4hlen. F\u00fcr detaillierte Informationen wird empfohlen, die erw\u00e4hnten Artikel und Risikoprofile, Kundenprofile\/Frageb\u00f6gen zu konsultieren, die als Teil der jeweiligen Anlageberatungs- oder Verm\u00f6gensverwaltungsvertr\u00e4ge vorgelegt werden.<\/p><h2><b>E. INTERESSENKONFLIKTE UND VERG\u00dcTUNG DURCH DRITTE<\/b><\/h2><p>Lion&#8217;s Paw bietet einer Vielzahl von Kunden diversifizierte Finanzdienstleistungen an. Dies kann zu Situationen f\u00fchren, in denen Lion&#8217;s Paw oder mit ihm verbundene Personen (z.B. ein Mitglied des Vorstands, ein Mitglied der Gesch\u00e4ftsleitung, ein Vertreter des Managers) ein wesentliches Interesse an einer Transaktion mit oder f\u00fcr den Kunden haben oder in denen ein Interessenkonflikt zwischen den Interessen des Kunden und denen anderer Kunden, Gegenparteien oder denen von Lion&#8217;s Paw entstehen kann.<\/p><p>Lion&#8217;s Paw hat sinnvolle organisatorische Massnahmen ergriffen, um Interessenkonflikten vorzubeugen und, um eine langfristige Beziehung zu den Kunden aufzubauen.<\/p><p>Lion&#8217;s Paw kann im Einklang mit der Anlagestrategie einen Teil des Verm\u00f6gens in Produkte investieren, die von Dritten ausgegeben werden und f\u00fcr die Lion&#8217;s Paw die Rolle eines Beraters oder Consultants \u00fcbernommen hat oder \u00fcbernehmen kann (z.B. aktiv gemanagte Zertifikate) und f\u00fcr diese T\u00e4tigkeit eine Geb\u00fchr erh\u00e4lt. Die Bedingungen jedes Produkts, einschlie\u00dflich der Kosten und der Geb\u00fchr, die Lion&#8217;s Paw erh\u00e4lt, sind in dem jeweiligen Prospekt oder einem \u00e4hnlichen Dokument aufgef\u00fchrt, dessen aktuelle Version der Manager dem Kunden bei der Anlage in solche Produkte aush\u00e4ndigt.<\/p><p>Lion&#8217;s Paw kann von Dritten eine Verg\u00fctung f\u00fcr die Platzierung bestimmter Finanzinstrumente, f\u00fcr den Wertpapier- und Devisenhandel und andere im Rahmen des Mandats durchgef\u00fchrte Transaktionen oder andere geldwerte Leistungen (z.B. Schulungen, Finanzanalysen und Research-Dienstleistungen) erhalten. Die Behandlung solcher Leistungen ist in den jeweiligen Anlageberatungs- oder Verm\u00f6gensverwaltungsvertr\u00e4gen geregelt.<\/p><p>Die Mitarbeiter von Lion&#8217;s Paw sind verpflichtet, Interessenkonflikte offenzulegen.<\/p><h2><b>F. BERICHTEN<\/b><\/h2><p>Auf Verlangen des Kunden, aber mindestens einmal pro Jahr, muss Lion&#8217;s Paw dem Kunden Rechenschaft \u00fcber seine T\u00e4tigkeit als Verm\u00f6gensverwalter ablegen. Lion&#8217;s Paw geht davon aus, dass die Berichterstattung auf den in der Verm\u00f6gensverwaltungsbranche vorherrschenden Standards basiert:<\/p><ul><li>eine Liste der im Rahmen der Bankbeziehung hinterlegten Wertpapiere und ihre aktuellen Kurse zum Stichtag;<\/li><li>die Entwicklung der Performance des Portfolios w\u00e4hrend des Berichtszeitraums;<\/li><\/ul><p>Die oben genannten Informationen werden gem\u00e4\u00df dem Bundesgesetz \u00fcber Finanzdienstleistungen bereitgestellt. Sie stellen keine vollst\u00e4ndige rechtliche Vereinbarung mit dem Kunden dar und k\u00f6nnen nicht als Angebot oder Aufforderung angesehen werden.<\/p><p>Zurich, 29.01.2026<\/p>\t\t\t\t\t\t\t\t<\/div>\n\t\t\t\t<\/div>\n\t\t\t\t\t<\/div>\n\t\t\t\t<\/div>\n\t\t\t\t<\/div>\n\t\t<div class=\"elementor-element elementor-element-64c3d53 e-con-full e-flex e-con e-parent\" data-id=\"64c3d53\" data-element_type=\"container\" data-e-type=\"container\" data-settings=\"{&quot;background_background&quot;:&quot;classic&quot;}\">\n\t\t<div class=\"elementor-element elementor-element-4933031 e-con-full e-flex e-con e-child\" data-id=\"4933031\" data-element_type=\"container\" data-e-type=\"container\">\n\t\t\t\t<div class=\"elementor-element elementor-element-c4bec5c elementor-widget elementor-widget-image\" data-id=\"c4bec5c\" data-element_type=\"widget\" data-e-type=\"widget\" data-widget_type=\"image.default\">\n\t\t\t\t<div class=\"elementor-widget-container\">\n\t\t\t\t\t\t\t\t\t\t\t\t\t\t\t<img fetchpriority=\"high\" decoding=\"async\" width=\"683\" height=\"1024\" src=\"https:\/\/lionspaw.codexo.ch\/wp-content\/uploads\/2024\/06\/Services-Stairs-683x1024.png\" class=\"attachment-large size-large wp-image-1333\" alt=\"\" srcset=\"https:\/\/lionspaw.codexo.ch\/wp-content\/uploads\/2024\/06\/Services-Stairs-683x1024.png 683w, https:\/\/lionspaw.codexo.ch\/wp-content\/uploads\/2024\/06\/Services-Stairs-200x300.png 200w, https:\/\/lionspaw.codexo.ch\/wp-content\/uploads\/2024\/06\/Services-Stairs-768x1151.png 768w, https:\/\/lionspaw.codexo.ch\/wp-content\/uploads\/2024\/06\/Services-Stairs-1025x1536.png 1025w, https:\/\/lionspaw.codexo.ch\/wp-content\/uploads\/2024\/06\/Services-Stairs.png 1334w\" sizes=\"(max-width: 683px) 100vw, 683px\" \/>\t\t\t\t\t\t\t\t\t\t\t\t\t\t\t<\/div>\n\t\t\t\t<\/div>\n\t\t\t\t<\/div>\n\t\t<div class=\"elementor-element elementor-element-b46e48b e-con-full e-flex e-con e-child\" data-id=\"b46e48b\" data-element_type=\"container\" data-e-type=\"container\">\n\t\t<div class=\"elementor-element elementor-element-3b665c9 e-con-full e-flex e-con e-child\" data-id=\"3b665c9\" data-element_type=\"container\" data-e-type=\"container\">\n\t\t<div class=\"elementor-element elementor-element-d2e9f74 e-con-full e-flex e-con e-child\" data-id=\"d2e9f74\" data-element_type=\"container\" data-e-type=\"container\">\n\t\t\t\t<div class=\"elementor-element elementor-element-a9bb668 elementor-widget elementor-widget-heading\" data-id=\"a9bb668\" data-element_type=\"widget\" data-e-type=\"widget\" data-widget_type=\"heading.default\">\n\t\t\t\t<div class=\"elementor-widget-container\">\n\t\t\t\t\t<h2 class=\"elementor-heading-title elementor-size-default\">Ihre Partner<\/h2>\t\t\t\t<\/div>\n\t\t\t\t<\/div>\n\t\t\t\t<div class=\"elementor-element elementor-element-30c1369 elementor-widget elementor-widget-heading\" data-id=\"30c1369\" data-element_type=\"widget\" data-e-type=\"widget\" data-widget_type=\"heading.default\">\n\t\t\t\t<div class=\"elementor-widget-container\">\n\t\t\t\t\t<h2 class=\"elementor-heading-title elementor-size-default\">Dienstleistungen<\/h2>\t\t\t\t<\/div>\n\t\t\t\t<\/div>\n\t\t\t\t<div class=\"elementor-element elementor-element-d388709 elementor-widget elementor-widget-text-editor\" data-id=\"d388709\" data-element_type=\"widget\" data-e-type=\"widget\" data-widget_type=\"text-editor.default\">\n\t\t\t\t<div class=\"elementor-widget-container\">\n\t\t\t\t\t\t\t\t\t<p>Wir entwickeln Finanzl\u00f6sungen, die darauf zugeschnitten sind, das Verm\u00f6gen Ihrer Familie \u00fcber Generationen hinweg zu erhalten und zu mehren.<\/p>\t\t\t\t\t\t\t\t<\/div>\n\t\t\t\t<\/div>\n\t\t\t\t<div class=\"elementor-element elementor-element-048debc elementor-mobile-align-center elementor-widget elementor-widget-button\" data-id=\"048debc\" data-element_type=\"widget\" data-e-type=\"widget\" data-widget_type=\"button.default\">\n\t\t\t\t<div class=\"elementor-widget-container\">\n\t\t\t\t\t\t\t\t\t<div class=\"elementor-button-wrapper\">\n\t\t\t\t\t<a class=\"elementor-button elementor-button-link elementor-size-sm\" href=\"https:\/\/lionspaw.codexo.ch\/de\/dienstleistungen\/\">\n\t\t\t\t\t\t<span class=\"elementor-button-content-wrapper\">\n\t\t\t\t\t\t\t\t\t<span class=\"elementor-button-text\">Erfahren Sie mehr<\/span>\n\t\t\t\t\t<\/span>\n\t\t\t\t\t<\/a>\n\t\t\t\t<\/div>\n\t\t\t\t\t\t\t\t<\/div>\n\t\t\t\t<\/div>\n\t\t\t\t<\/div>\n\t\t<div class=\"elementor-element elementor-element-06bb0ba e-con-full e-flex e-con e-child\" data-id=\"06bb0ba\" data-element_type=\"container\" data-e-type=\"container\">\n\t\t\t\t<div class=\"elementor-element elementor-element-55aefaa elementor-widget elementor-widget-heading\" data-id=\"55aefaa\" data-element_type=\"widget\" data-e-type=\"widget\" data-widget_type=\"heading.default\">\n\t\t\t\t<div class=\"elementor-widget-container\">\n\t\t\t\t\t<h2 class=\"elementor-heading-title elementor-size-default\">Lion's Paw<\/h2>\t\t\t\t<\/div>\n\t\t\t\t<\/div>\n\t\t\t\t<div class=\"elementor-element elementor-element-98adc39 elementor-widget elementor-widget-heading\" data-id=\"98adc39\" data-element_type=\"widget\" data-e-type=\"widget\" data-widget_type=\"heading.default\">\n\t\t\t\t<div class=\"elementor-widget-container\">\n\t\t\t\t\t<h2 class=\"elementor-heading-title elementor-size-default\">\u00dcber uns<\/h2>\t\t\t\t<\/div>\n\t\t\t\t<\/div>\n\t\t\t\t<div class=\"elementor-element elementor-element-add1c0c elementor-widget elementor-widget-text-editor\" data-id=\"add1c0c\" data-element_type=\"widget\" data-e-type=\"widget\" data-widget_type=\"text-editor.default\">\n\t\t\t\t<div class=\"elementor-widget-container\">\n\t\t\t\t\t\t\t\t\t<p>Family Offices sind heute mehr als nur Verm\u00f6gensverwalter. Sie sind vertrauensw\u00fcrdige Berater und ein integraler Bestandteil der strategischen Planung der Familie.<\/p>\t\t\t\t\t\t\t\t<\/div>\n\t\t\t\t<\/div>\n\t\t\t\t<div class=\"elementor-element elementor-element-806e556 elementor-mobile-align-center elementor-widget elementor-widget-button\" data-id=\"806e556\" data-element_type=\"widget\" data-e-type=\"widget\" data-widget_type=\"button.default\">\n\t\t\t\t<div class=\"elementor-widget-container\">\n\t\t\t\t\t\t\t\t\t<div class=\"elementor-button-wrapper\">\n\t\t\t\t\t<a class=\"elementor-button elementor-button-link elementor-size-sm\" href=\"https:\/\/lionspaw.codexo.ch\/de\/ueber\/\">\n\t\t\t\t\t\t<span class=\"elementor-button-content-wrapper\">\n\t\t\t\t\t\t\t\t\t<span class=\"elementor-button-text\">Erfahren Sie mehr<\/span>\n\t\t\t\t\t<\/span>\n\t\t\t\t\t<\/a>\n\t\t\t\t<\/div>\n\t\t\t\t\t\t\t\t<\/div>\n\t\t\t\t<\/div>\n\t\t\t\t<\/div>\n\t\t\t\t<\/div>\n\t\t\t\t<\/div>\n\t\t\t\t<\/div>\n\t\t\t\t<\/div>\n\t\t","protected":false},"excerpt":{"rendered":"<p>Kundeninformationen &#8211; FINSA Bundesgesetz \u00fcber Finanzdienstleistungen (FIDLEG) Das Bundesgesetz \u00fcber Finanzdienstleistungen (FIDLEG) trat am 1. Januar 2020 in Kraft. Sie zielt darauf ab, vergleichbare Bedingungen f\u00fcr Finanzdienstleister zu schaffen und den Schutz ihrer Kunden zu verbessern, indem sie die Anforderungen an eine gewissenhafte, sorgf\u00e4ltige und transparente Erbringung von Dienstleistungen definiert. In \u00dcbereinstimmung mit den gesetzlichen [&hellip;]<\/p>\n","protected":false},"author":4,"featured_media":0,"parent":0,"menu_order":0,"comment_status":"closed","ping_status":"closed","template":"","meta":{"_acf_changed":false,"footnotes":""},"class_list":["post-958","page","type-page","status-publish","hentry"],"acf":[],"_links":{"self":[{"href":"https:\/\/lionspaw.codexo.ch\/de\/wp-json\/wp\/v2\/pages\/958","targetHints":{"allow":["GET"]}}],"collection":[{"href":"https:\/\/lionspaw.codexo.ch\/de\/wp-json\/wp\/v2\/pages"}],"about":[{"href":"https:\/\/lionspaw.codexo.ch\/de\/wp-json\/wp\/v2\/types\/page"}],"author":[{"embeddable":true,"href":"https:\/\/lionspaw.codexo.ch\/de\/wp-json\/wp\/v2\/users\/4"}],"replies":[{"embeddable":true,"href":"https:\/\/lionspaw.codexo.ch\/de\/wp-json\/wp\/v2\/comments?post=958"}],"version-history":[{"count":29,"href":"https:\/\/lionspaw.codexo.ch\/de\/wp-json\/wp\/v2\/pages\/958\/revisions"}],"predecessor-version":[{"id":2016,"href":"https:\/\/lionspaw.codexo.ch\/de\/wp-json\/wp\/v2\/pages\/958\/revisions\/2016"}],"wp:attachment":[{"href":"https:\/\/lionspaw.codexo.ch\/de\/wp-json\/wp\/v2\/media?parent=958"}],"curies":[{"name":"wp","href":"https:\/\/api.w.org\/{rel}","templated":true}]}}