{"id":576,"date":"2024-05-02T18:14:13","date_gmt":"2024-05-02T18:14:13","guid":{"rendered":"https:\/\/lesececi.myhostpoint.ch\/ueber\/"},"modified":"2025-08-26T12:14:44","modified_gmt":"2025-08-26T12:14:44","slug":"ueber","status":"publish","type":"page","link":"https:\/\/lionspaw.codexo.ch\/de\/ueber\/","title":{"rendered":"\u00dcber uns"},"content":{"rendered":"\t\t<div data-elementor-type=\"wp-post\" data-elementor-id=\"576\" class=\"elementor elementor-576 elementor-261\" data-elementor-post-type=\"page\">\n\t\t\t\t<div class=\"elementor-element elementor-element-8c1a7b6 e-con-full e-flex e-con e-parent\" data-id=\"8c1a7b6\" data-element_type=\"container\" data-e-type=\"container\" data-settings=\"{&quot;background_background&quot;:&quot;classic&quot;}\">\n\t\t<div class=\"elementor-element elementor-element-5851f65 e-con-full e-flex e-con e-child\" data-id=\"5851f65\" data-element_type=\"container\" data-e-type=\"container\" data-settings=\"{&quot;background_background&quot;:&quot;classic&quot;}\">\n\t\t\t\t<div class=\"elementor-element elementor-element-573c9a8 elementor-widget__width-initial elementor-widget-mobile__width-initial elementor-widget elementor-widget-heading\" data-id=\"573c9a8\" data-element_type=\"widget\" data-e-type=\"widget\" data-widget_type=\"heading.default\">\n\t\t\t\t<div class=\"elementor-widget-container\">\n\t\t\t\t\t<h1 class=\"elementor-heading-title elementor-size-default\">Lion's Paw &amp;<\/br>\nFamily Office<\/h1>\t\t\t\t<\/div>\n\t\t\t\t<\/div>\n\t\t\t\t<div class=\"elementor-element elementor-element-9a06ca9 elementor-widget__width-initial elementor-widget elementor-widget-text-editor\" data-id=\"9a06ca9\" data-element_type=\"widget\" data-e-type=\"widget\" data-widget_type=\"text-editor.default\">\n\t\t\t\t<div class=\"elementor-widget-container\">\n\t\t\t\t\t\t\t\t\t<div class=\"inspect_panels--panelTitle--HvsFh text--fontPos11--2LvXf text--_fontBase--QdLsd\">\n<div class=\"inspect_panels--panelCopyActionControls--F4fTa\">In der Welt der Verm\u00f6gensverwaltung, in welcher der Erhalt und die Vermehrung von Verm\u00f6genswerten von gr\u00f6sster Bedeutung sind, ist unsere Rolle als Family Office unverzichtbar, insbesondere f\u00fcr Einzelpersonen und Familien mit hohen Verm\u00f6genswerten und einer einzigartigen Finanzlandschaft. Unsere Expertise geht \u00fcber eine einfache Finanzberatung hinaus. Wir legen grossen Wert auf ein sorgf\u00e4ltiges Management der finanziellen Risiken und verfolgen dabei einen ganzheitlichen Ansatz in der Verm\u00f6gensverwaltung.<\/div>\n<\/div>\n\t\t\t\t\t\t\t\t<\/div>\n\t\t\t\t<\/div>\n\t\t\t\t<\/div>\n\t\t\t\t<\/div>\n\t\t<div class=\"elementor-element elementor-element-f15dc58 e-con-full e-flex e-con e-parent\" data-id=\"f15dc58\" data-element_type=\"container\" data-e-type=\"container\">\n\t\t<div class=\"elementor-element elementor-element-1acdd61 e-con-full e-flex e-con e-child\" data-id=\"1acdd61\" data-element_type=\"container\" data-e-type=\"container\">\n\t\t\t\t<div class=\"elementor-element elementor-element-1215cd2 elementor-widget elementor-widget-heading\" data-id=\"1215cd2\" data-element_type=\"widget\" data-e-type=\"widget\" data-widget_type=\"heading.default\">\n\t\t\t\t<div class=\"elementor-widget-container\">\n\t\t\t\t\t<p class=\"elementor-heading-title elementor-size-default\">Globale Verm\u00f6gensberatung<\/p>\t\t\t\t<\/div>\n\t\t\t\t<\/div>\n\t\t\t\t<div class=\"elementor-element elementor-element-a10357f elementor-widget elementor-widget-heading\" data-id=\"a10357f\" data-element_type=\"widget\" data-e-type=\"widget\" data-widget_type=\"heading.default\">\n\t\t\t\t<div class=\"elementor-widget-container\">\n\t\t\t\t\t<h2 class=\"elementor-heading-title elementor-size-default\">Kompetenz und pers\u00f6nlicher Service<\/h2>\t\t\t\t<\/div>\n\t\t\t\t<\/div>\n\t\t\t\t<div class=\"elementor-element elementor-element-8a9d480 elementor-widget elementor-widget-text-editor\" data-id=\"8a9d480\" data-element_type=\"widget\" data-e-type=\"widget\" data-widget_type=\"text-editor.default\">\n\t\t\t\t<div class=\"elementor-widget-container\">\n\t\t\t\t\t\t\t\t\t<p>Unsere Dienstleistungen sind umfassend und bieten Ihnen einen zentralen Ansprechpartner f\u00fcr globale Verm\u00f6gensberatung, Finanzberichterstattung und Beziehungsmanagement. Wir sind auch f\u00fchrend in der Ideenfindung und -validierung, um sicherzustellen, dass Ihre Verm\u00f6gensverwaltungsstrategie innovativ und robust ist. Die St\u00e4rke unseres Unternehmens liegt in unseren Partnern, die jeweils mehr als zwei Jahrzehnte Berufserfahrung im Schweizer Finanzsektor mitbringen. Ihr fundiertes Wissen, ihre Leidenschaft und ihre bemerkenswerte Erfolgsbilanz st\u00fctzen sich auf eine solide Grundlage professioneller Expertise, die es ihnen erm\u00f6glicht, ein hohes Mass an unabh\u00e4ngiger Unterst\u00fctzung zu bieten.<\/p>\n\t\t\t\t\t\t\t\t<\/div>\n\t\t\t\t<\/div>\n\t\t\t\t<div class=\"elementor-element elementor-element-9ac44a5 elementor-mobile-align-center elementor-widget elementor-widget-button\" data-id=\"9ac44a5\" data-element_type=\"widget\" data-e-type=\"widget\" data-widget_type=\"button.default\">\n\t\t\t\t<div class=\"elementor-widget-container\">\n\t\t\t\t\t\t\t\t\t<div class=\"elementor-button-wrapper\">\n\t\t\t\t\t<a class=\"elementor-button elementor-button-link elementor-size-sm\" href=\"https:\/\/lionspaw.codexo.ch\/de\/dienstleistungen\/\">\n\t\t\t\t\t\t<span class=\"elementor-button-content-wrapper\">\n\t\t\t\t\t\t\t\t\t<span class=\"elementor-button-text\">Erfahren Sie wie<\/span>\n\t\t\t\t\t<\/span>\n\t\t\t\t\t<\/a>\n\t\t\t\t<\/div>\n\t\t\t\t\t\t\t\t<\/div>\n\t\t\t\t<\/div>\n\t\t\t\t<\/div>\n\t\t<div class=\"elementor-element elementor-element-85968c2 e-con-full e-flex e-con e-child\" data-id=\"85968c2\" data-element_type=\"container\" data-e-type=\"container\">\n\t\t\t\t<div class=\"elementor-element elementor-element-1956ccf elementor-widget elementor-widget-image\" data-id=\"1956ccf\" data-element_type=\"widget\" data-e-type=\"widget\" data-widget_type=\"image.default\">\n\t\t\t\t<div class=\"elementor-widget-container\">\n\t\t\t\t\t\t\t\t\t\t\t\t\t\t\t<img fetchpriority=\"high\" decoding=\"async\" width=\"683\" height=\"1024\" src=\"https:\/\/lionspaw.codexo.ch\/wp-content\/uploads\/2024\/06\/About-Business-men-683x1024.png\" class=\"attachment-large size-large wp-image-1346\" alt=\"Business men having a drink and laughing\" srcset=\"https:\/\/lionspaw.codexo.ch\/wp-content\/uploads\/2024\/06\/About-Business-men-683x1024.png 683w, https:\/\/lionspaw.codexo.ch\/wp-content\/uploads\/2024\/06\/About-Business-men-200x300.png 200w, https:\/\/lionspaw.codexo.ch\/wp-content\/uploads\/2024\/06\/About-Business-men-768x1152.png 768w, https:\/\/lionspaw.codexo.ch\/wp-content\/uploads\/2024\/06\/About-Business-men-1024x1536.png 1024w, https:\/\/lionspaw.codexo.ch\/wp-content\/uploads\/2024\/06\/About-Business-men-1365x2048.png 1365w, https:\/\/lionspaw.codexo.ch\/wp-content\/uploads\/2024\/06\/About-Business-men.png 1920w\" sizes=\"(max-width: 683px) 100vw, 683px\" \/>\t\t\t\t\t\t\t\t\t\t\t\t\t\t\t<\/div>\n\t\t\t\t<\/div>\n\t\t\t\t<\/div>\n\t\t\t\t<\/div>\n\t\t<div class=\"elementor-element elementor-element-b030b4e e-con-full e-flex e-con e-parent\" data-id=\"b030b4e\" data-element_type=\"container\" data-e-type=\"container\" data-settings=\"{&quot;background_background&quot;:&quot;classic&quot;}\">\n\t\t<div class=\"elementor-element elementor-element-bdb6c34 e-con-full e-flex e-con e-child\" data-id=\"bdb6c34\" data-element_type=\"container\" data-e-type=\"container\">\n\t\t\t\t<div class=\"elementor-element elementor-element-54949d8 elementor-widget elementor-widget-heading\" data-id=\"54949d8\" data-element_type=\"widget\" data-e-type=\"widget\" data-widget_type=\"heading.default\">\n\t\t\t\t<div class=\"elementor-widget-container\">\n\t\t\t\t\t<h2 class=\"elementor-heading-title elementor-size-default\">Das Konzept des Family Office<\/h2>\t\t\t\t<\/div>\n\t\t\t\t<\/div>\n\t\t\t\t<div class=\"elementor-element elementor-element-d27e0fd elementor-widget__width-initial elementor-widget elementor-widget-image\" data-id=\"d27e0fd\" data-element_type=\"widget\" data-e-type=\"widget\" data-widget_type=\"image.default\">\n\t\t\t\t<div class=\"elementor-widget-container\">\n\t\t\t\t\t\t\t\t\t\t\t\t\t\t\t<img decoding=\"async\" src=\"https:\/\/lionspaw.codexo.ch\/wp-content\/uploads\/2024\/05\/Lion.png\" title=\"\" alt=\"\" loading=\"lazy\" \/>\t\t\t\t\t\t\t\t\t\t\t\t\t\t\t<\/div>\n\t\t\t\t<\/div>\n\t\t\t\t<\/div>\n\t\t<div class=\"elementor-element elementor-element-ee9024f e-con-full e-flex e-con e-child\" data-id=\"ee9024f\" data-element_type=\"container\" data-e-type=\"container\">\n\t\t\t\t<div class=\"elementor-element elementor-element-360d670 elementor-widget elementor-widget-text-editor\" data-id=\"360d670\" data-element_type=\"widget\" data-e-type=\"widget\" data-widget_type=\"text-editor.default\">\n\t\t\t\t<div class=\"elementor-widget-container\">\n\t\t\t\t\t\t\t\t\t<p>Urspr\u00fcnglich eher in den Vereinigten Staaten und Europa verbreitet, hat sich das Konzept der Family Offices inzwischen weltweit ausgebreitet und ist nun auch in Asien, dem Nahen Osten und anderen Regionen, in denen es zu einem raschen Verm\u00f6gensaufbau kommt, stark vertreten. Diese globale Expansion hat auch zu einer Diversifizierung innerhalb der Family-Office-Landschaft gef\u00fchrt:<\/p>\n\t\t\t\t\t\t\t\t<\/div>\n\t\t\t\t<\/div>\n\t\t\t\t<\/div>\n\t\t<div class=\"elementor-element elementor-element-d5fb174 e-con-full e-flex e-con e-child\" data-id=\"d5fb174\" data-element_type=\"container\" data-e-type=\"container\">\n\t\t<div class=\"elementor-element elementor-element-a31675f e-flex e-con-boxed e-con e-child\" data-id=\"a31675f\" data-element_type=\"container\" data-e-type=\"container\">\n\t\t\t\t\t<div class=\"e-con-inner\">\n\t\t\t\t<div class=\"elementor-element elementor-element-64b9c26 elementor-widget elementor-widget-text-editor\" data-id=\"64b9c26\" data-element_type=\"widget\" data-e-type=\"widget\" data-widget_type=\"text-editor.default\">\n\t\t\t\t<div class=\"elementor-widget-container\">\n\t\t\t\t\t\t\t\t\t<p>Single Family Office<\/p>\t\t\t\t\t\t\t\t<\/div>\n\t\t\t\t<\/div>\n\t\t\t\t<div class=\"elementor-element elementor-element-faa56d0 elementor-widget elementor-widget-text-editor\" data-id=\"faa56d0\" data-element_type=\"widget\" data-e-type=\"widget\" data-widget_type=\"text-editor.default\">\n\t\t\t\t<div class=\"elementor-widget-container\">\n\t\t\t\t\t\t\t\t\t<p>Diese auf eine einzelne Familie zugeschnittenen Family Offices verk\u00f6rpern oft ein H\u00f6chstmass an Personalisierung der Dienstleistungen und spiegeln die einzigartigen Vorlieben und Werte der Familie wider, die sie betreuen.<\/p>\n\t\t\t\t\t\t\t\t<\/div>\n\t\t\t\t<\/div>\n\t\t\t\t\t<\/div>\n\t\t\t\t<\/div>\n\t\t<div class=\"elementor-element elementor-element-339533e e-flex e-con-boxed e-con e-child\" data-id=\"339533e\" data-element_type=\"container\" data-e-type=\"container\">\n\t\t\t\t\t<div class=\"e-con-inner\">\n\t\t\t\t<div class=\"elementor-element elementor-element-0048ab7 elementor-widget elementor-widget-text-editor\" data-id=\"0048ab7\" data-element_type=\"widget\" data-e-type=\"widget\" data-widget_type=\"text-editor.default\">\n\t\t\t\t<div class=\"elementor-widget-container\">\n\t\t\t\t\t\t\t\t\t<p>Multi-Family Office, Lion&#8217;s Paw<\/p>\n\t\t\t\t\t\t\t\t<\/div>\n\t\t\t\t<\/div>\n\t\t\t\t<div class=\"elementor-element elementor-element-4f2c98f elementor-widget elementor-widget-text-editor\" data-id=\"4f2c98f\" data-element_type=\"widget\" data-e-type=\"widget\" data-widget_type=\"text-editor.default\">\n\t\t\t\t<div class=\"elementor-widget-container\">\n\t\t\t\t\t\t\t\t\t<p>Multi Family Offices (MFO) haben sich zu einer kosteneffektive L\u00f6sung f\u00fcr Familien entwickelt, welche die umfassenden Dienstleistungen eines Family Offices in Anspruch nehmen m\u00f6chten, jedoch eine kostenoptimierte Betreuung w\u00fcnschen. MFOs verwalten das Verm\u00f6gen mehrerer Familien und sind gleichzeitig bestrebt, einen pers\u00f6nlichen Service zu bieten.<\/p>\n\t\t\t\t\t\t\t\t<\/div>\n\t\t\t\t<\/div>\n\t\t\t\t\t<\/div>\n\t\t\t\t<\/div>\n\t\t\t\t<\/div>\n\t\t\t\t<\/div>\n\t\t<div class=\"elementor-element elementor-element-ac5a554 e-con-full e-flex e-con e-parent\" data-id=\"ac5a554\" data-element_type=\"container\" data-e-type=\"container\">\n\t\t<div class=\"elementor-element elementor-element-0ef7c35 e-con-full e-flex e-con e-child\" data-id=\"0ef7c35\" data-element_type=\"container\" data-e-type=\"container\">\n\t\t\t\t<div class=\"elementor-element elementor-element-4ef37bb elementor-widget-mobile__width-initial elementor-widget elementor-widget-image\" data-id=\"4ef37bb\" data-element_type=\"widget\" data-e-type=\"widget\" data-widget_type=\"image.default\">\n\t\t\t\t<div class=\"elementor-widget-container\">\n\t\t\t\t\t\t\t\t\t\t\t\t\t\t\t<img decoding=\"async\" width=\"682\" height=\"1024\" src=\"https:\/\/lionspaw.codexo.ch\/wp-content\/uploads\/2024\/06\/About-Golfing-682x1024.png\" class=\"attachment-large size-large wp-image-1348\" alt=\"Golfing family\" srcset=\"https:\/\/lionspaw.codexo.ch\/wp-content\/uploads\/2024\/06\/About-Golfing-682x1024.png 682w, https:\/\/lionspaw.codexo.ch\/wp-content\/uploads\/2024\/06\/About-Golfing-200x300.png 200w, https:\/\/lionspaw.codexo.ch\/wp-content\/uploads\/2024\/06\/About-Golfing-768x1154.png 768w, https:\/\/lionspaw.codexo.ch\/wp-content\/uploads\/2024\/06\/About-Golfing-1022x1536.png 1022w, https:\/\/lionspaw.codexo.ch\/wp-content\/uploads\/2024\/06\/About-Golfing.png 1188w\" sizes=\"(max-width: 682px) 100vw, 682px\" \/>\t\t\t\t\t\t\t\t\t\t\t\t\t\t\t<\/div>\n\t\t\t\t<\/div>\n\t\t\t\t<\/div>\n\t\t<div class=\"elementor-element elementor-element-b90752e e-con-full e-flex e-con e-child\" data-id=\"b90752e\" data-element_type=\"container\" data-e-type=\"container\">\n\t\t\t\t<div class=\"elementor-element elementor-element-fed9f5d elementor-widget elementor-widget-heading\" data-id=\"fed9f5d\" data-element_type=\"widget\" data-e-type=\"widget\" data-widget_type=\"heading.default\">\n\t\t\t\t<div class=\"elementor-widget-container\">\n\t\t\t\t\t<p class=\"elementor-heading-title elementor-size-default\">Modernes Family Office<\/p>\t\t\t\t<\/div>\n\t\t\t\t<\/div>\n\t\t\t\t<div class=\"elementor-element elementor-element-b315f7e elementor-widget elementor-widget-heading\" data-id=\"b315f7e\" data-element_type=\"widget\" data-e-type=\"widget\" data-widget_type=\"heading.default\">\n\t\t\t\t<div class=\"elementor-widget-container\">\n\t\t\t\t\t<h2 class=\"elementor-heading-title elementor-size-default\">Strategische Partnerschaft<\/h2>\t\t\t\t<\/div>\n\t\t\t\t<\/div>\n\t\t\t\t<div class=\"elementor-element elementor-element-38dcece elementor-widget elementor-widget-text-editor\" data-id=\"38dcece\" data-element_type=\"widget\" data-e-type=\"widget\" data-widget_type=\"text-editor.default\">\n\t\t\t\t<div class=\"elementor-widget-container\">\n\t\t\t\t\t\t\t\t\t<p>Wir sind mehr als nur Verm\u00f6gensverwalter; wir sind vertrauensw\u00fcrdige Berater und ein integraler Bestandteil der strategischen Planung jeder Familie. Lion&#8217;s Paw bietet einen ganzheitlichen Ansatz, bei dem fundiertes finanzielles Fachwissen mit einem tiefen Verst\u00e4ndnis f\u00fcr die einzigartigen Werte, Ziele und Bestrebungen Ihrer Familie kombiniert wird. We navigate global investment opportunities, complex regulatory environments, and the nuances of family dynamics, ensuring the preservation and growth of wealth through generations. Our commitment at Lion&#8217;s Paw is to provide not just management, but a partnership that grows and evolves with your family.<\/p>\n\t\t\t\t\t\t\t\t<\/div>\n\t\t\t\t<\/div>\n\t\t\t\t<\/div>\n\t\t\t\t<\/div>\n\t\t<div class=\"elementor-element elementor-element-64c3d53 e-con-full e-flex e-con e-parent\" data-id=\"64c3d53\" data-element_type=\"container\" data-e-type=\"container\" data-settings=\"{&quot;background_background&quot;:&quot;classic&quot;}\">\n\t\t<div class=\"elementor-element elementor-element-4933031 e-con-full e-flex e-con e-child\" data-id=\"4933031\" data-element_type=\"container\" data-e-type=\"container\">\n\t\t\t\t<div class=\"elementor-element elementor-element-c4bec5c elementor-widget elementor-widget-image\" data-id=\"c4bec5c\" data-element_type=\"widget\" data-e-type=\"widget\" data-widget_type=\"image.default\">\n\t\t\t\t<div class=\"elementor-widget-container\">\n\t\t\t\t\t\t\t\t\t\t\t\t\t\t\t<img decoding=\"async\" src=\"https:\/\/lionspaw.codexo.ch\/wp-content\/uploads\/2024\/06\/About-Handshake.webp\" title=\"About-Handshake\" alt=\"About-Handshake\" loading=\"lazy\" \/>\t\t\t\t\t\t\t\t\t\t\t\t\t\t\t<\/div>\n\t\t\t\t<\/div>\n\t\t\t\t<\/div>\n\t\t<div class=\"elementor-element elementor-element-60e888e e-con-full e-flex e-con e-child\" data-id=\"60e888e\" data-element_type=\"container\" data-e-type=\"container\">\n\t\t<div class=\"elementor-element elementor-element-b46e48b e-con-full e-flex e-con e-child\" data-id=\"b46e48b\" data-element_type=\"container\" data-e-type=\"container\">\n\t\t\t\t<div class=\"elementor-element elementor-element-220cb1e elementor-widget elementor-widget-heading\" data-id=\"220cb1e\" data-element_type=\"widget\" data-e-type=\"widget\" data-widget_type=\"heading.default\">\n\t\t\t\t<div class=\"elementor-widget-container\">\n\t\t\t\t\t<p class=\"elementor-heading-title elementor-size-default\">Ihre Partner<\/p>\t\t\t\t<\/div>\n\t\t\t\t<\/div>\n\t\t\t\t<div class=\"elementor-element elementor-element-434543a elementor-widget elementor-widget-heading\" data-id=\"434543a\" data-element_type=\"widget\" data-e-type=\"widget\" data-widget_type=\"heading.default\">\n\t\t\t\t<div class=\"elementor-widget-container\">\n\t\t\t\t\t<h2 class=\"elementor-heading-title elementor-size-default\">Lernen Sie das Team kennen<\/h2>\t\t\t\t<\/div>\n\t\t\t\t<\/div>\n\t\t\t\t<div class=\"elementor-element elementor-element-ad73219 elementor-widget elementor-widget-text-editor\" data-id=\"ad73219\" data-element_type=\"widget\" data-e-type=\"widget\" data-widget_type=\"text-editor.default\">\n\t\t\t\t<div class=\"elementor-widget-container\">\n\t\t\t\t\t\t\t\t\t<p>Lernen Sie die Architekten Ihrer finanziellen Zukunft kennen. Entdecken Sie die erfahrenen Experten von Lion\u2019s Paw, die sich der Entwicklung massgeschneiderter Verm\u00f6gensstrategien mit Schweizer Pr\u00e4zision widmen.<\/p>\n\t\t\t\t\t\t\t\t<\/div>\n\t\t\t\t<\/div>\n\t\t\t\t<div class=\"elementor-element elementor-element-693ee30 elementor-mobile-align-center elementor-widget elementor-widget-button\" data-id=\"693ee30\" data-element_type=\"widget\" data-e-type=\"widget\" data-widget_type=\"button.default\">\n\t\t\t\t<div class=\"elementor-widget-container\">\n\t\t\t\t\t\t\t\t\t<div class=\"elementor-button-wrapper\">\n\t\t\t\t\t<a class=\"elementor-button elementor-button-link elementor-size-sm\" href=\"https:\/\/lionspaw.codexo.ch\/de\/team\/\">\n\t\t\t\t\t\t<span class=\"elementor-button-content-wrapper\">\n\t\t\t\t\t\t\t\t\t<span class=\"elementor-button-text\">Lernen Sie uns kennen<\/span>\n\t\t\t\t\t<\/span>\n\t\t\t\t\t<\/a>\n\t\t\t\t<\/div>\n\t\t\t\t\t\t\t\t<\/div>\n\t\t\t\t<\/div>\n\t\t\t\t<\/div>\n\t\t<div class=\"elementor-element elementor-element-fdaef90 e-con-full e-flex e-con e-child\" data-id=\"fdaef90\" data-element_type=\"container\" data-e-type=\"container\">\n\t\t\t\t<div class=\"elementor-element elementor-element-adb018b elementor-widget elementor-widget-heading\" data-id=\"adb018b\" data-element_type=\"widget\" data-e-type=\"widget\" data-widget_type=\"heading.default\">\n\t\t\t\t<div class=\"elementor-widget-container\">\n\t\t\t\t\t<p class=\"elementor-heading-title elementor-size-default\">Unser Ansatz<\/p>\t\t\t\t<\/div>\n\t\t\t\t<\/div>\n\t\t\t\t<div class=\"elementor-element elementor-element-d00c4b0 elementor-widget elementor-widget-heading\" data-id=\"d00c4b0\" data-element_type=\"widget\" data-e-type=\"widget\" data-widget_type=\"heading.default\">\n\t\t\t\t<div class=\"elementor-widget-container\">\n\t\t\t\t\t<h2 class=\"elementor-heading-title elementor-size-default\">Dienstleistungen<\/h2>\t\t\t\t<\/div>\n\t\t\t\t<\/div>\n\t\t\t\t<div class=\"elementor-element elementor-element-926a5bd elementor-widget elementor-widget-text-editor\" data-id=\"926a5bd\" data-element_type=\"widget\" data-e-type=\"widget\" data-widget_type=\"text-editor.default\">\n\t\t\t\t<div class=\"elementor-widget-container\">\n\t\t\t\t\t\t\t\t\t<p>Wir entwickeln Finanzl\u00f6sungen, die darauf zugeschnitten sind, das Verm\u00f6gen Ihrer Familie \u00fcber Generationen hinweg zu erhalten und zu mehren.<\/p>\n\t\t\t\t\t\t\t\t<\/div>\n\t\t\t\t<\/div>\n\t\t\t\t<div class=\"elementor-element elementor-element-117dbca elementor-mobile-align-center elementor-widget elementor-widget-button\" data-id=\"117dbca\" data-element_type=\"widget\" data-e-type=\"widget\" data-widget_type=\"button.default\">\n\t\t\t\t<div class=\"elementor-widget-container\">\n\t\t\t\t\t\t\t\t\t<div class=\"elementor-button-wrapper\">\n\t\t\t\t\t<a class=\"elementor-button elementor-button-link elementor-size-sm\" href=\"https:\/\/lionspaw.codexo.ch\/de\/dienstleistungen\/\">\n\t\t\t\t\t\t<span class=\"elementor-button-content-wrapper\">\n\t\t\t\t\t\t\t\t\t<span class=\"elementor-button-text\">Erfahren Sie mehr<\/span>\n\t\t\t\t\t<\/span>\n\t\t\t\t\t<\/a>\n\t\t\t\t<\/div>\n\t\t\t\t\t\t\t\t<\/div>\n\t\t\t\t<\/div>\n\t\t\t\t<\/div>\n\t\t\t\t<\/div>\n\t\t\t\t<\/div>\n\t\t\t\t<\/div>\n\t\t","protected":false},"excerpt":{"rendered":"<p>Lion&#8217;s Paw &amp; Family Office In der Welt der Verm\u00f6gensverwaltung, in welcher der Erhalt und die Vermehrung von Verm\u00f6genswerten von gr\u00f6sster Bedeutung sind, ist unsere Rolle als Family Office unverzichtbar, insbesondere f\u00fcr Einzelpersonen und Familien mit hohen Verm\u00f6genswerten und einer einzigartigen Finanzlandschaft. Unsere Expertise geht \u00fcber eine einfache Finanzberatung hinaus. Wir legen grossen Wert auf [&hellip;]<\/p>\n","protected":false},"author":4,"featured_media":0,"parent":0,"menu_order":0,"comment_status":"closed","ping_status":"closed","template":"","meta":{"_acf_changed":false,"footnotes":""},"class_list":["post-576","page","type-page","status-publish","hentry"],"acf":[],"_links":{"self":[{"href":"https:\/\/lionspaw.codexo.ch\/de\/wp-json\/wp\/v2\/pages\/576","targetHints":{"allow":["GET"]}}],"collection":[{"href":"https:\/\/lionspaw.codexo.ch\/de\/wp-json\/wp\/v2\/pages"}],"about":[{"href":"https:\/\/lionspaw.codexo.ch\/de\/wp-json\/wp\/v2\/types\/page"}],"author":[{"embeddable":true,"href":"https:\/\/lionspaw.codexo.ch\/de\/wp-json\/wp\/v2\/users\/4"}],"replies":[{"embeddable":true,"href":"https:\/\/lionspaw.codexo.ch\/de\/wp-json\/wp\/v2\/comments?post=576"}],"version-history":[{"count":32,"href":"https:\/\/lionspaw.codexo.ch\/de\/wp-json\/wp\/v2\/pages\/576\/revisions"}],"predecessor-version":[{"id":1694,"href":"https:\/\/lionspaw.codexo.ch\/de\/wp-json\/wp\/v2\/pages\/576\/revisions\/1694"}],"wp:attachment":[{"href":"https:\/\/lionspaw.codexo.ch\/de\/wp-json\/wp\/v2\/media?parent=576"}],"curies":[{"name":"wp","href":"https:\/\/api.w.org\/{rel}","templated":true}]}}