{"id":1567,"date":"2024-05-15T20:33:20","date_gmt":"2024-05-15T20:33:20","guid":{"rendered":"https:\/\/lesececi.myhostpoint.ch\/datenschutzbestimmungen\/"},"modified":"2026-02-02T11:07:03","modified_gmt":"2026-02-02T11:07:03","slug":"datenschutzbestimmungen","status":"publish","type":"page","link":"https:\/\/lionspaw.codexo.ch\/de\/datenschutzbestimmungen\/","title":{"rendered":"Datenschutzbestimmungen"},"content":{"rendered":"\t\t<div data-elementor-type=\"wp-post\" data-elementor-id=\"1567\" class=\"elementor elementor-1567 elementor-430\" data-elementor-post-type=\"page\">\n\t\t\t\t<div class=\"elementor-element elementor-element-f15dc58 e-con-full e-flex e-con e-parent\" data-id=\"f15dc58\" data-element_type=\"container\" data-e-type=\"container\">\n\t\t<div class=\"elementor-element elementor-element-fc60a22 e-flex e-con-boxed e-con e-child\" data-id=\"fc60a22\" data-element_type=\"container\" data-e-type=\"container\">\n\t\t\t\t\t<div class=\"e-con-inner\">\n\t\t\t\t<div class=\"elementor-element elementor-element-28e6a2b elementor-widget elementor-widget-heading\" data-id=\"28e6a2b\" data-element_type=\"widget\" data-e-type=\"widget\" data-widget_type=\"heading.default\">\n\t\t\t\t<div class=\"elementor-widget-container\">\n\t\t\t\t\t<h1 class=\"elementor-heading-title elementor-size-default\">Datenschutzbestimmungen<\/h1>\t\t\t\t<\/div>\n\t\t\t\t<\/div>\n\t\t\t\t<div class=\"elementor-element elementor-element-e40e66b elementor-widget__width-initial elementor-widget elementor-widget-text-editor\" data-id=\"e40e66b\" data-element_type=\"widget\" data-e-type=\"widget\" data-widget_type=\"text-editor.default\">\n\t\t\t\t<div class=\"elementor-widget-container\">\n\t\t\t\t\t\t\t\t\t<p><em><span class=\"s1\">Zuletzt ge\u00e4ndert am 28 August<\/span><span class=\"s1\">, 2023<\/span><\/em><\/p><h2><b>Datenschutzbestimmungen<\/b><\/h2><h2><b>Bundesgesetz \u00fcber den Datenschutz (&#8222;BDSG&#8220;)<\/b><\/h2><p>Die Lion&#8217;s Paw AG misst dem Datenschutz gro\u00dfe Bedeutung bei und h\u00e4lt sich bei der Erhebung und Verarbeitung personenbezogener Daten f\u00fcr unsere Vertragspartner strikt an hohe Standards des Datenschutzes und der Transparenz. Sie halten die geltenden Datenschutzbestimmungen, namentlich das Schweizerische Bundesgesetz \u00fcber den Datenschutz (DSG), vollst\u00e4ndig ein.<\/p><h2>VERANTWORTLICHER F\u00dcR PERSONENBEZOGENE DATEN<\/h2><p>Lions&#8216; Paw Ltd ist der <strong>Verantwortliche f\u00fcr<\/strong> die Verarbeitung personenbezogener Daten im Sinne des schweizerischen Bundesgesetzes \u00fcber den Datenschutz (DSG).<\/p><p>Lion&#8217;s Paw AG, Rennweg 57, 8001 Z\u00fcrich, Schweiz<\/p><p>Telefon: +41 44 227 10 00<\/p><p>E-Mail: <a href=\"mailto:operations@lionspaw.ch\">operations@lionspaw.ch<\/a><\/p><h2>DEFINITION UND UMFANG VON PERSONENBEZOGENEN DATEN UND DEREN VERARBEITUNG<\/h2><p><strong>Personenbezogene Daten<\/strong> sind Informationen, die direkt oder indirekt die Identit\u00e4t einer Person bestimmen und Informationen \u00fcber ihre Eigenschaften, Verhaltensmuster, Zugeh\u00f6rigkeiten und mehr bieten. Zu dieser Kategorie geh\u00f6ren u.a. Namen, Kontaktdaten, eindeutige Identifikationsnummern und Online-Kennungen.<\/p><p>Der Begriff <strong>Verarbeitung<\/strong> bezieht sich auf eine Reihe von manuellen oder automatisierten Aktionen, die mit personenbezogenen Daten durchgef\u00fchrt werden. Dies kann Aktivit\u00e4ten umfassen, die von der Erfassung, Aufzeichnung, Strukturierung und Speicherung von Daten bis hin zu deren \u00c4nderung, Abruf, L\u00f6schung oder eventueller Vernichtung reichen.<\/p><p><strong>ART DER DATENVERARBEITUNG<\/strong><\/p><ul><li><strong>Informationen durchsuchen<\/strong><\/li><\/ul><div><b>\u00a0<\/b><\/div><p>W\u00e4hrend des Routinebetriebs erfassen die Infrastruktur- und Softwaremechanismen unserer Website bestimmte personenbezogene Daten, die \u00fcber Standard-Internetprotokolle \u00fcbertragen werden. Obwohl diese Daten nicht speziell erhoben werden, um sie mit bestimmten Personen in Verbindung zu bringen, k\u00f6nnen ihre Merkmale m\u00f6glicherweise die Identifizierung von Personen erleichtern, insbesondere wenn sie mit Daten Dritter verkn\u00fcpft werden. Die wichtigsten Elemente dieser Daten sind die IP-Adressen oder spezifischen Domains der Ger\u00e4te von Personen, die auf unsere Website zugreifen, die Uniform Resource Identifier (URI) Details der angeforderten Ressourcen, der Zeitstempel der Anfrage und andere technische Details im Zusammenhang mit der Konfiguration des Systems der Person. Der Hauptzweck dieser Datensammlung besteht darin, anonyme Statistiken \u00fcber die Nutzung der Plattform zu erhalten, ihr optimales Funktionieren zu gew\u00e4hrleisten und eventuelle Unstimmigkeiten oder Missbrauch aufzudecken. Nach dieser Verarbeitung werden die Daten umgehend gel\u00f6scht. Unter bestimmten Umst\u00e4nden k\u00f6nnen diese Daten jedoch verwendet werden, um die Haftung f\u00fcr m\u00f6gliche IT-Verst\u00f6\u00dfe zu ermitteln, an denen die Lion&#8217;s Paw AG oder andere Unternehmen beteiligt sind.<\/p><ul><li><strong>Von der Person gesendete Informationen<\/strong><\/li><\/ul><div><b>\u00a0<\/b><\/div><p>Die Lion&#8217;s Paw AG sammelt die Daten von Einzelpersonen, wenn diese eine E-Mail oder eine Informationsanfrage senden. Dies schlie\u00dft alle pers\u00f6nlichen Informationen ein, die Einzelpersonen in ihrer Nachricht, w\u00e4hrend eines Telefongespr\u00e4chs oder eines pers\u00f6nlichen Treffens angeben.<\/p><p><strong>ZIELE DER DATENVERARBEITUNG<\/strong><\/p><p>Die personenbezogenen Daten der Person werden gesammelt und verarbeitet, um die folgenden Gesch\u00e4ftsanforderungen zu erf\u00fcllen:<\/p><ul><li>Beantwortung und Weiterverfolgung der von der Einzelperson an die Lion&#8217;s Paw AG gerichteten Anfragen;<\/li><li>Sicherstellen, dass alle Verpflichtungen (vorvertragliche, vertragliche, administrative, rechtliche und steuerliche), die sich aus der potenziellen Verbindung zwischen der Person und der Lion&#8217;s Paw AG ergeben k\u00f6nnen, gewissenhaft eingehalten werden;<\/li><li>Versorgen Sie die Person mit relevanten Mitteilungen und Dienstmitteilungen;<\/li><li>Halten Sie sich strikt an gesetzliche Vorgaben, geltende Vorschriften, etablierte Konventionen und die Anforderungen der zust\u00e4ndigen Aufsichtsbeh\u00f6rde; und<\/li><li>die Eigentumsrechte der Lion&#8217;s Paw AG auszu\u00fcben und zu sch\u00fctzen, ob im Falle eines Rechtsstreits oder nicht.<\/li><\/ul><p>In bestimmten F\u00e4llen k\u00f6nnen personenbezogene Daten aus \u00f6ffentlichen Quellen (wie z.B. offiziellen Unternehmensregistern, der Presse und dem Internet) oder von Dritten, einschlie\u00dflich Anbietern von Due-Diligence-Dienstleistungen (wie z.B. Namenspr\u00fcfungsdatenbanken, Anw\u00e4lten usw.) gesammelt werden.<\/p><p>Die Lion&#8217;s Paw AG stellt sicher, dass die Erhebung personenbezogener Daten auf den Umfang beschr\u00e4nkt wird, der f\u00fcr die Erbringung ihrer Dienstleistungen und die Erf\u00fcllung ihrer Verpflichtungen erforderlich ist. Art und Umfang der gesammelten personenbezogenen Daten werden im Einklang mit diesen Anforderungen gehalten.<\/p><p><strong>RECHTSGRUNDLAGE F\u00dcR DIE DATENVERARBEITUNG<\/strong><\/p><p>Jeder Fall von Datenverarbeitung st\u00fctzt sich auf eine der folgenden Rechtsgrundlagen:<\/p><ul><li>Die Verarbeitung ist f\u00fcr den Abschluss einer vertraglichen Vereinbarung zwischen den beteiligten Parteien unerl\u00e4sslich. Auch wenn in diesem Szenario die \u00dcbermittlung personenbezogener Daten freiwillig bleibt, schlie\u00dft ihr Fehlen den Abschluss des Vertrags und die anschlie\u00dfende Erbringung der gew\u00fcnschten Dienstleistungen aus.<\/li><li>Die Verarbeitung ist gesetzlich vorgeschrieben. In diesen F\u00e4llen ist die Bereitstellung der Daten obligatorisch und eine Nichtbereitstellung w\u00fcrde den Abschluss des Vertrags und die anschlie\u00dfende Erbringung von Dienstleistungen verhindern.<\/li><li>Die Verarbeitung erfolgt nach Treu und Glauben im Interesse des <strong>f\u00fcr die Verarbeitung Verantwortlichen<\/strong>, vorausgesetzt, dass diese Interessen die Grundrechte und -freiheiten der Person, insbesondere im Hinblick auf den Schutz personenbezogener Daten, nicht \u00fcberschatten oder verletzen.<\/li><li>Die Verarbeitung unterliegt der ausdr\u00fccklichen Zustimmung der Person f\u00fcr klar definierte Zwecke. Unter diesen Umst\u00e4nden liegt die Bereitstellung von Daten im Ermessen der Person und sie hat das Vorrecht, eine zuvor erteilte Einwilligung nach eigenem Ermessen zu widerrufen. Die Lion&#8217;s Paw AG kann sich weigern, dem Widerruf zu folgen, wenn der Verdacht besteht, dass die erhobenen Daten f\u00fcr AML-Zwecke relevant sein k\u00f6nnten.<\/li><\/ul><div>\u00a0<\/div><p><strong>OFFENLEGUNG VON DATEN<\/strong><\/p><p>Im Rahmen der Gesch\u00e4ftst\u00e4tigkeit der Lion&#8217;s Paw AG und zu den oben beschriebenen Zwecken k\u00f6nnen die personenbezogenen Daten der Person an folgende Stellen weitergegeben werden:<\/p><ul><li>Beauftragte Datenverarbeiter, die bestimmte oder zus\u00e4tzliche Aufgaben f\u00fcr die Lion&#8217;s Paw AG wahrnehmen. Die betroffene Person hat das Recht, jederzeit eine aktualisierte Liste der Datenverarbeiter anzufordern, die von der Lion&#8217;s Paw AG als solche identifiziert werden k\u00f6nnen.<\/li><li>Unabh\u00e4ngige Datenverarbeiter, in \u00dcbereinstimmung mit gesetzlichen Bestimmungen oder Mandaten von autoritativen Stellen.<\/li><li>Personen, die von Lion&#8217;s Paw AG erm\u00e4chtigt sind, personenbezogene Daten zu verarbeiten, und zwar ausschlie\u00dflich f\u00fcr T\u00e4tigkeiten, die untrennbar mit der Erbringung der Dienstleistung verbunden sind, und die sowohl gesetzlich als auch vertraglich zur Vertraulichkeit verpflichtet sind. Dazu geh\u00f6ren die Mitarbeiter der Lion&#8217;s Paw AG und eventuelle verbundene Auftragnehmer.<\/li><\/ul><p>Die Lion&#8217;s Paw AG hat nicht die Absicht, Ihre pers\u00f6nlichen Daten zu vermarkten, zu verkaufen oder an externe Parteien weiterzugeben.<\/p><h2><b>DATENSPEICHERUNG<\/b><\/h2><p>Die pers\u00f6nlichen Daten werden physisch und digital gespeichert und befinden sich in der Schweiz.<\/p><p><strong>DATENAUFBEWAHRUNG<\/strong><\/p><p>Die pers\u00f6nlichen Daten von Personen werden durch die geltenden Datenschutzbestimmungen und -gesetze gesch\u00fctzt. Die Mindestaufbewahrungsdauer nach Beendigung des Vertragsverh\u00e4ltnisses betr\u00e4gt zehn Jahre. Lebensl\u00e4ufe, die von Einzelpersonen f\u00fcr potenzielle Positionen eingereicht werden, werden nicht l\u00e4nger als 2 Jahre nach der Einreichung gespeichert.<\/p><p>Zur Wahrung ihrer Interessen kann die Lions&#8216; Paw AG jedoch die Aufbewahrungsfrist der Daten im Einklang mit dem geltenden Schweizer Recht verl\u00e4ngern.<\/p><p><strong>RECHTE DES EINZELNEN<\/strong><\/p><p>Als Einzelperson haben Sie bestimmte Rechte in Bezug auf Ihre pers\u00f6nlichen Daten. Sie k\u00f6nnen jederzeit eine Best\u00e4tigung dar\u00fcber verlangen, ob Ihre personenbezogenen Daten verarbeitet werden oder nicht. Insbesondere haben Sie das Recht auf:<\/p><ul><li>Zugang: Informieren Sie sich \u00fcber den Zweck der Verarbeitung, die potenziellen Empf\u00e4nger der Daten, die vorgesehene Aufbewahrungsfrist und etwaige Auswirkungen der Profilerstellung von Daten.<\/li><li>Richtigstellung: Beantragen Sie die Berichtigung von unrichtigen oder unvollst\u00e4ndigen Angaben zu Ihren pers\u00f6nlichen Daten.<\/li><li>L\u00f6schung: Beantragen Sie die L\u00f6schung Ihrer Daten, wenn diese f\u00fcr die urspr\u00fcnglich von der Lion&#8217;s Paw AG beabsichtigten Zwecke als nicht mehr erforderlich erachtet werden.<\/li><li>Einschr\u00e4nkung: Fordern Sie Einschr\u00e4nkungen der Verarbeitung Ihrer Daten in den gesetzlich vorgesehenen F\u00e4llen.<\/li><li>Daten\u00fcbertragbarkeit: Beantragen Sie die \u00dcbermittlung Ihrer Daten an einen anderen f\u00fcr die Datenverarbeitung Verantwortlichen, vorausgesetzt, sie liegen in einem allgemein zug\u00e4nglichen digitalen Format vor.<\/li><li>Einspruch: Sie k\u00f6nnen gegen bestimmte Aspekte der Verarbeitung Ihrer Daten Einspruch erheben, insbesondere gegen jede Entscheidung, die ausschlie\u00dflich auf einer automatisierten Verarbeitung, einschlie\u00dflich Profiling, beruht.<\/li><\/ul><p>Wenn Sie W\u00fcnsche, Fragen oder Bedenken bez\u00fcglich dieser Datenschutzrichtlinie oder der Verarbeitung personenbezogener Daten haben, k\u00f6nnen Sie sich jederzeit an uns wenden, indem Sie eine E-Mail an <a href=\"mailto:operations@lionspaw.ch\">operations@lionspaw.ch senden.<\/a><\/p><p>Sollte die Anfrage abgelehnt werden oder sollten Sie mit unserer Verarbeitung nicht zufrieden sein, haben Sie das Recht, bei der zust\u00e4ndigen Aufsichtsbeh\u00f6rde eine Beschwerde einzureichen und einen Rechtsbehelf einzulegen. F\u00fcr Personen, die in der Schweiz ans\u00e4ssig sind, ist die zust\u00e4ndige Beh\u00f6rde der Eidgen\u00f6ssische Datenschutz- und \u00d6ffentlichkeitsbeauftragte<a href=\"http:\/\/www.edoeb.admin.ch\/\" target=\"_blank\" rel=\"noopener\">(http:\/\/www.edoeb.admin.ch)<\/a><\/p><h2><b>COOKIES<\/b><\/h2><p>Die Lion&#8217;s Paw AG verwendet, wie einige der Internetseiten, sogenannte Cookies. Cookies richten auf Ihrem Rechner keinen Schaden an und enthalten keine Viren. Cookies dienen dazu, unser Angebot nutzerfreundlicher, effektiver und sicherer zu machen. Cookies sind kleine Textdateien, die auf dem Computer abgelegt werden und vom Browser gespeichert werden. Die meisten der von uns verwendeten Cookies sind so genannte &#8222;Session-Cookies&#8220;. Sie werden am Ende des Besuchs automatisch gel\u00f6scht. Andere Cookies bleiben auf dem Endger\u00e4t gespeichert, bis Sie sie l\u00f6schen. Diese Cookies erm\u00f6glichen es uns, den Browser beim n\u00e4chsten Besuch wiederzuerkennen.<\/p><p>Sie k\u00f6nnen Ihren Browser so einstellen, dass Sie \u00fcber das Setzen von Cookies informiert werden und Cookies nur im Einzelfall erlauben, die Annahme von Cookies f\u00fcr bestimmte F\u00e4lle oder generell ausschlie\u00dfen sowie das automatische L\u00f6schen der Cookies beim Schlie\u00dfen des Browsers aktivieren. Wenn Sie Cookies deaktivieren, kann die Funktionalit\u00e4t dieser Website eingeschr\u00e4nkt sein.<\/p><p>Zur Gew\u00e4hrleistung der Sicherheit und zum Schutz der Vertraulichkeit der \u00fcbermittelten Informationen, wie z.B. Anfragen, die an uns als Betreiber der Website gesendet werden, verwendet diese Website eine SSL-Verschl\u00fcsselung. Eine verschl\u00fcsselte Verbindung erkennen Sie daran, dass die Adresszeile des Browsers von &#8222;http:\/\/&#8220; auf &#8222;https:\/\/&#8220; wechselt und ein Schloss-Symbol in der Browserzeile erscheint. Bei aktivierter SSL-Verschl\u00fcsselung sind alle Daten, die Sie an uns \u00fcbermitteln, f\u00fcr Dritte unlesbar. Diese Ma\u00dfnahme garantiert die Vertraulichkeit und Integrit\u00e4t der Informationen.<\/p><p>Die Website der Lion&#8217;s Paw AG richtet sich an erwachsene Personen, und wir sammeln nicht wissentlich pers\u00f6nliche Daten von Personen unter 16 Jahren. F\u00fcr den Fall, dass wir \u00fcber die unzul\u00e4ssige Erhebung personenbezogener Daten von einem Kind unter 16 Jahren informiert werden oder davon Kenntnis erlangen, werden wir alle notwendigen und angemessenen Ma\u00dfnahmen ergreifen, um diese Daten zu l\u00f6schen.<\/p><h2><b>\u00c4NDERUNGEN<\/b><\/h2><p>Die Datenschutzrichtlinie kann in regelm\u00e4\u00dfigen Abst\u00e4nden und ohne vorherige Ank\u00fcndigung oder Bekanntgabe ge\u00e4ndert werden. Jegliche \u00c4nderungen an dieser Datenschutzrichtlinie treten sofort nach ihrer Ver\u00f6ffentlichung auf der Website in Kraft, sofern nicht anders angegeben. Im Falle einer wesentlichen \u00c4nderung der Richtlinie wird die Lion&#8217;s Paw AG Sie per E-Mail benachrichtigen und\/oder einen auff\u00e4lligen Hinweis auf der Website oder durch eine andere geeignete Methode ver\u00f6ffentlichen, bevor die \u00fcberarbeitete Richtlinie in Kraft tritt. Das &#8222;G\u00fcltigkeitsdatum&#8220; unten auf dieser Seite wird entsprechend aktualisiert.<\/p>\t\t\t\t\t\t\t\t<\/div>\n\t\t\t\t<\/div>\n\t\t\t\t\t<\/div>\n\t\t\t\t<\/div>\n\t\t\t\t<\/div>\n\t\t<div class=\"elementor-element elementor-element-64c3d53 e-con-full e-flex e-con e-parent\" data-id=\"64c3d53\" data-element_type=\"container\" data-e-type=\"container\" data-settings=\"{&quot;background_background&quot;:&quot;classic&quot;}\">\n\t\t<div class=\"elementor-element elementor-element-4933031 e-con-full e-flex e-con e-child\" data-id=\"4933031\" data-element_type=\"container\" data-e-type=\"container\">\n\t\t\t\t<div class=\"elementor-element elementor-element-c4bec5c elementor-widget elementor-widget-image\" data-id=\"c4bec5c\" data-element_type=\"widget\" data-e-type=\"widget\" data-widget_type=\"image.default\">\n\t\t\t\t<div class=\"elementor-widget-container\">\n\t\t\t\t\t\t\t\t\t\t\t\t\t\t\t<img fetchpriority=\"high\" decoding=\"async\" width=\"683\" height=\"1024\" src=\"https:\/\/lionspaw.codexo.ch\/wp-content\/uploads\/2024\/06\/Team-Staircase-683x1024.png\" class=\"attachment-large size-large wp-image-1355\" alt=\"\" srcset=\"https:\/\/lionspaw.codexo.ch\/wp-content\/uploads\/2024\/06\/Team-Staircase-683x1024.png 683w, https:\/\/lionspaw.codexo.ch\/wp-content\/uploads\/2024\/06\/Team-Staircase-200x300.png 200w, https:\/\/lionspaw.codexo.ch\/wp-content\/uploads\/2024\/06\/Team-Staircase-768x1152.png 768w, https:\/\/lionspaw.codexo.ch\/wp-content\/uploads\/2024\/06\/Team-Staircase-1024x1536.png 1024w, https:\/\/lionspaw.codexo.ch\/wp-content\/uploads\/2024\/06\/Team-Staircase.png 1216w\" sizes=\"(max-width: 683px) 100vw, 683px\" \/>\t\t\t\t\t\t\t\t\t\t\t\t\t\t\t<\/div>\n\t\t\t\t<\/div>\n\t\t\t\t<\/div>\n\t\t<div class=\"elementor-element elementor-element-b46e48b e-con-full e-flex e-con e-child\" data-id=\"b46e48b\" data-element_type=\"container\" data-e-type=\"container\">\n\t\t<div class=\"elementor-element elementor-element-3b665c9 e-con-full e-flex e-con e-child\" data-id=\"3b665c9\" data-element_type=\"container\" data-e-type=\"container\">\n\t\t<div class=\"elementor-element elementor-element-d2e9f74 e-con-full e-flex e-con e-child\" data-id=\"d2e9f74\" data-element_type=\"container\" data-e-type=\"container\">\n\t\t\t\t<div class=\"elementor-element elementor-element-a9bb668 elementor-widget elementor-widget-heading\" data-id=\"a9bb668\" data-element_type=\"widget\" data-e-type=\"widget\" data-widget_type=\"heading.default\">\n\t\t\t\t<div class=\"elementor-widget-container\">\n\t\t\t\t\t<h2 class=\"elementor-heading-title elementor-size-default\">Ihre Partner<\/h2>\t\t\t\t<\/div>\n\t\t\t\t<\/div>\n\t\t\t\t<div class=\"elementor-element elementor-element-30c1369 elementor-widget elementor-widget-heading\" data-id=\"30c1369\" data-element_type=\"widget\" data-e-type=\"widget\" data-widget_type=\"heading.default\">\n\t\t\t\t<div class=\"elementor-widget-container\">\n\t\t\t\t\t<h2 class=\"elementor-heading-title elementor-size-default\">Dienstleistungen<\/h2>\t\t\t\t<\/div>\n\t\t\t\t<\/div>\n\t\t\t\t<div class=\"elementor-element elementor-element-d388709 elementor-widget elementor-widget-text-editor\" data-id=\"d388709\" data-element_type=\"widget\" data-e-type=\"widget\" data-widget_type=\"text-editor.default\">\n\t\t\t\t<div class=\"elementor-widget-container\">\n\t\t\t\t\t\t\t\t\t<p>Wir entwickeln Finanzl\u00f6sungen, die darauf zugeschnitten sind, das Verm\u00f6gen Ihrer Familie \u00fcber Generationen hinweg zu erhalten und zu mehren.<\/p>\t\t\t\t\t\t\t\t<\/div>\n\t\t\t\t<\/div>\n\t\t\t\t<div class=\"elementor-element elementor-element-048debc elementor-mobile-align-center elementor-widget elementor-widget-button\" data-id=\"048debc\" data-element_type=\"widget\" data-e-type=\"widget\" data-widget_type=\"button.default\">\n\t\t\t\t<div class=\"elementor-widget-container\">\n\t\t\t\t\t\t\t\t\t<div class=\"elementor-button-wrapper\">\n\t\t\t\t\t<a class=\"elementor-button elementor-button-link elementor-size-sm\" href=\"https:\/\/lionspaw.codexo.ch\/de\/dienstleistungen\/\">\n\t\t\t\t\t\t<span class=\"elementor-button-content-wrapper\">\n\t\t\t\t\t\t\t\t\t<span class=\"elementor-button-text\">Erfahren Sie mehr<\/span>\n\t\t\t\t\t<\/span>\n\t\t\t\t\t<\/a>\n\t\t\t\t<\/div>\n\t\t\t\t\t\t\t\t<\/div>\n\t\t\t\t<\/div>\n\t\t\t\t<\/div>\n\t\t<div class=\"elementor-element elementor-element-06bb0ba e-con-full e-flex e-con e-child\" data-id=\"06bb0ba\" data-element_type=\"container\" data-e-type=\"container\">\n\t\t\t\t<div class=\"elementor-element elementor-element-55aefaa elementor-widget elementor-widget-heading\" data-id=\"55aefaa\" data-element_type=\"widget\" data-e-type=\"widget\" data-widget_type=\"heading.default\">\n\t\t\t\t<div class=\"elementor-widget-container\">\n\t\t\t\t\t<h2 class=\"elementor-heading-title elementor-size-default\">Lion's Paw<span data-metadata=\"\"><\/span><\/h2>\t\t\t\t<\/div>\n\t\t\t\t<\/div>\n\t\t\t\t<div class=\"elementor-element elementor-element-98adc39 elementor-widget elementor-widget-heading\" data-id=\"98adc39\" data-element_type=\"widget\" data-e-type=\"widget\" data-widget_type=\"heading.default\">\n\t\t\t\t<div class=\"elementor-widget-container\">\n\t\t\t\t\t<h2 class=\"elementor-heading-title elementor-size-default\">\u00dcber uns<\/h2>\t\t\t\t<\/div>\n\t\t\t\t<\/div>\n\t\t\t\t<div class=\"elementor-element elementor-element-add1c0c elementor-widget elementor-widget-text-editor\" data-id=\"add1c0c\" data-element_type=\"widget\" data-e-type=\"widget\" data-widget_type=\"text-editor.default\">\n\t\t\t\t<div class=\"elementor-widget-container\">\n\t\t\t\t\t\t\t\t\t<p>Family Offices sind heute mehr als nur Verm\u00f6gensverwalter. Sie sind vertrauensw\u00fcrdige Berater und ein integraler Bestandteil der strategischen Planung der Familie.<\/p>\t\t\t\t\t\t\t\t<\/div>\n\t\t\t\t<\/div>\n\t\t\t\t<div class=\"elementor-element elementor-element-806e556 elementor-mobile-align-center elementor-widget elementor-widget-button\" data-id=\"806e556\" data-element_type=\"widget\" data-e-type=\"widget\" data-widget_type=\"button.default\">\n\t\t\t\t<div class=\"elementor-widget-container\">\n\t\t\t\t\t\t\t\t\t<div class=\"elementor-button-wrapper\">\n\t\t\t\t\t<a class=\"elementor-button elementor-button-link elementor-size-sm\" href=\"https:\/\/lionspaw.codexo.ch\/de\/ueber\/\">\n\t\t\t\t\t\t<span class=\"elementor-button-content-wrapper\">\n\t\t\t\t\t\t\t\t\t<span class=\"elementor-button-text\">Erfahren Sie mehr<\/span>\n\t\t\t\t\t<\/span>\n\t\t\t\t\t<\/a>\n\t\t\t\t<\/div>\n\t\t\t\t\t\t\t\t<\/div>\n\t\t\t\t<\/div>\n\t\t\t\t<\/div>\n\t\t\t\t<\/div>\n\t\t\t\t<\/div>\n\t\t\t\t<\/div>\n\t\t\t\t<\/div>\n\t\t","protected":false},"excerpt":{"rendered":"<p>Datenschutzbestimmungen Zuletzt ge\u00e4ndert am 28 August, 2023 Datenschutzbestimmungen Bundesgesetz \u00fcber den Datenschutz (&#8222;BDSG&#8220;) Die Lion&#8217;s Paw AG misst dem Datenschutz gro\u00dfe Bedeutung bei und h\u00e4lt sich bei der Erhebung und Verarbeitung personenbezogener Daten f\u00fcr unsere Vertragspartner strikt an hohe Standards des Datenschutzes und der Transparenz. Sie halten die geltenden Datenschutzbestimmungen, namentlich das Schweizerische Bundesgesetz \u00fcber [&hellip;]<\/p>\n","protected":false},"author":4,"featured_media":0,"parent":0,"menu_order":0,"comment_status":"closed","ping_status":"closed","template":"","meta":{"_acf_changed":false,"footnotes":""},"class_list":["post-1567","page","type-page","status-publish","hentry"],"acf":[],"_links":{"self":[{"href":"https:\/\/lionspaw.codexo.ch\/de\/wp-json\/wp\/v2\/pages\/1567","targetHints":{"allow":["GET"]}}],"collection":[{"href":"https:\/\/lionspaw.codexo.ch\/de\/wp-json\/wp\/v2\/pages"}],"about":[{"href":"https:\/\/lionspaw.codexo.ch\/de\/wp-json\/wp\/v2\/types\/page"}],"author":[{"embeddable":true,"href":"https:\/\/lionspaw.codexo.ch\/de\/wp-json\/wp\/v2\/users\/4"}],"replies":[{"embeddable":true,"href":"https:\/\/lionspaw.codexo.ch\/de\/wp-json\/wp\/v2\/comments?post=1567"}],"version-history":[{"count":32,"href":"https:\/\/lionspaw.codexo.ch\/de\/wp-json\/wp\/v2\/pages\/1567\/revisions"}],"predecessor-version":[{"id":1906,"href":"https:\/\/lionspaw.codexo.ch\/de\/wp-json\/wp\/v2\/pages\/1567\/revisions\/1906"}],"wp:attachment":[{"href":"https:\/\/lionspaw.codexo.ch\/de\/wp-json\/wp\/v2\/media?parent=1567"}],"curies":[{"name":"wp","href":"https:\/\/api.w.org\/{rel}","templated":true}]}}